{"id":1361,"date":"2016-11-28T09:37:01","date_gmt":"2016-11-28T07:37:01","guid":{"rendered":"http:\/\/www.biltech.net\/?page_id=1361"},"modified":"2016-12-01T12:55:56","modified_gmt":"2016-12-01T10:55:56","slug":"elektrik-proje","status":"publish","type":"page","link":"http:\/\/www.biltech.net\/index.php\/elektrik-proje\/","title":{"rendered":"ELEKTR\u0130K PROJE ve DANI\u015eMANLIK H\u0130ZMETLER\u0130M\u0130Z"},"content":{"rendered":"<table width=\"662\">\n<tbody>\n<tr>\n<td width=\"331\">Orta gerilim ve trafo merkezi sistemi<\/td>\n<td width=\"331\">Yang\u0131n ihbar ve alarm sistemi<\/td>\n<\/tr>\n<tr>\n<td>Al\u00e7ak gerilim enerji da\u011f\u0131t\u0131m sistemi<\/td>\n<td width=\"331\">Konferans sistemi<\/td>\n<\/tr>\n<tr>\n<td>Dahili ayd\u0131nlatma sistemi<\/td>\n<td width=\"331\">\u00d6zel ses ve \u0131\u015f\u0131k sistemleri<\/td>\n<\/tr>\n<tr>\n<td>D\u0131\u015f alan ve cephe ayd\u0131nlatma sistemi<\/td>\n<td width=\"331\">Kapal\u0131 devre TV sistemleri<\/td>\n<\/tr>\n<tr>\n<td>G\u00fcvenlik ayd\u0131nlatma sistemi<\/td>\n<td width=\"331\">Uydu anten ve kablo TV video sistemi<\/td>\n<\/tr>\n<tr>\n<td>Ayd\u0131nlatma otomasyonu sistemi<\/td>\n<td width=\"331\">Ameliyathane ve yo\u011fun bak\u0131m sistemleri<\/td>\n<\/tr>\n<tr>\n<td>Priz sistemi<\/td>\n<td width=\"331\">H\u0131rs\u0131z ihbar ve g\u00fcvenlik sistemleri<\/td>\n<\/tr>\n<tr>\n<td>Kuvvet sistemi<\/td>\n<td width=\"331\">Kartl\u0131 giri\u015f ve otopark kontrol sistemleri<\/td>\n<\/tr>\n<tr>\n<td>Elektronik enerji \u00f6l\u00e7\u00fcm sistemleri<\/td>\n<td width=\"331\">Gaz alg\u0131lama sistemleri<\/td>\n<\/tr>\n<tr>\n<td>Topraklama sistemi<\/td>\n<td width=\"331\">Su alg\u0131lama sistemleri<\/td>\n<\/tr>\n<tr>\n<td>Y\u0131ld\u0131r\u0131mdan korunma sistemi<\/td>\n<td width=\"331\">Acil \u00e7a\u011fr\u0131 sistemleri<\/td>\n<\/tr>\n<tr>\n<td>G\u00fc\u00e7 fakt\u00f6r\u00fc kompanzasyon sistemi<\/td>\n<td width=\"331\">Hem\u015fire ve doktor \u00e7a\u011f\u0131rma sistemleri<\/td>\n<\/tr>\n<tr>\n<td>Dizel &#8211; elektrojen ( jenerat\u00f6r ) grubu sistemi<\/td>\n<td width=\"331\">Elektrik mekanik sistem entegrasyonu sistemleri<\/td>\n<\/tr>\n<tr>\n<td>Kesintisiz g\u00fc\u00e7 ( UPS ) sistemi<\/td>\n<td width=\"331\">Bina otomasyonu sistemleri<\/td>\n<\/tr>\n<tr>\n<td>Telefon sistemi<\/td>\n<td width=\"331\">Ak\u0131ll\u0131 bina otomasyonu sistemi<\/td>\n<\/tr>\n<tr>\n<td>Data sistemi<\/td>\n<td><\/td>\n<\/tr>\n<\/tbody>\n<\/table>\n","protected":false},"excerpt":{"rendered":"<p>Orta gerilim ve trafo merkezi sistemi Yang\u0131n ihbar ve alarm sistemi Al\u00e7ak gerilim enerji da\u011f\u0131t\u0131m sistemi Konferans sistemi Dahili ayd\u0131nlatma sistemi \u00d6zel ses ve \u0131\u015f\u0131k sistemleri D\u0131\u015f alan ve cephe ayd\u0131nlatma sistemi Kapal\u0131 devre TV sistemleri G\u00fcvenlik ayd\u0131nlatma sistemi Uydu<\/p>\n","protected":false},"author":1,"featured_media":0,"parent":0,"menu_order":0,"comment_status":"closed","ping_status":"closed","template":"","meta":{"footnotes":""},"class_list":["post-1361","page","type-page","status-publish","hentry"],"_links":{"self":[{"href":"http:\/\/www.biltech.net\/index.php\/wp-json\/wp\/v2\/pages\/1361","targetHints":{"allow":["GET"]}}],"collection":[{"href":"http:\/\/www.biltech.net\/index.php\/wp-json\/wp\/v2\/pages"}],"about":[{"href":"http:\/\/www.biltech.net\/index.php\/wp-json\/wp\/v2\/types\/page"}],"author":[{"embeddable":true,"href":"http:\/\/www.biltech.net\/index.php\/wp-json\/wp\/v2\/users\/1"}],"replies":[{"embeddable":true,"href":"http:\/\/www.biltech.net\/index.php\/wp-json\/wp\/v2\/comments?post=1361"}],"version-history":[{"count":5,"href":"http:\/\/www.biltech.net\/index.php\/wp-json\/wp\/v2\/pages\/1361\/revisions"}],"predecessor-version":[{"id":1730,"href":"http:\/\/www.biltech.net\/index.php\/wp-json\/wp\/v2\/pages\/1361\/revisions\/1730"}],"wp:attachment":[{"href":"http:\/\/www.biltech.net\/index.php\/wp-json\/wp\/v2\/media?parent=1361"}],"curies":[{"name":"wp","href":"https:\/\/api.w.org\/{rel}","templated":true}]}}