{"id":1357,"date":"2016-11-28T09:36:04","date_gmt":"2016-11-28T07:36:04","guid":{"rendered":"http:\/\/www.biltech.net\/?page_id=1357"},"modified":"2017-02-16T17:40:34","modified_gmt":"2017-02-16T15:40:34","slug":"elektrik-tesisat-uygulamalari","status":"publish","type":"page","link":"http:\/\/www.biltech.net\/index.php\/elektrik-tesisat-uygulamalari\/","title":{"rendered":"ELEKTR\u0130K TES\u0130SAT UYGULAMALARIMIZ"},"content":{"rendered":"\n<table id=\"tablepress-1\" class=\"tablepress tablepress-id-1 tbody-has-connected-cells\">\n<thead>\n<tr class=\"row-1\">\n\t<th colspan=\"3\" class=\"column-1\"><strong>Elektrik Tesisat Uygulamalar\u0131<\/strong><\/th>\n<\/tr>\n<\/thead>\n<tbody class=\"row-striping row-hover\">\n<tr class=\"row-2\">\n\t<td class=\"column-1\"><strong>OG \u015ealt ve Trafo Merkezleri<\/strong><\/td><td class=\"column-2\">Bina Tipi Trafo Merkezleri,<br \/>\nK\u00f6\u015fk Tipi Trafo Merkezleri,<br \/>\nDirek Tipi Trafo Merkezleri,<\/td><td class=\"column-3\"><img loading=\"lazy\" decoding=\"async\" src=\"http:\/\/www.erdelektromekanik.com.tr\/wp-content\/uploads\/2016\/12\/K\u00f6\u015fk-300x225.jpg\" alt=\"\" width=\"300\" height=\"225\" class=\"alignnone size-medium wp-image-282\" \/><\/td>\n<\/tr>\n<tr class=\"row-3\">\n\t<td class=\"column-1\"><strong>Da\u011f\u0131t\u0131m Panolar\u0131<\/strong><\/td><td class=\"column-2\">Ana da\u011f\u0131t\u0131m panolar\u0131,<br \/>\nKompanzasyon panolar\u0131,<br \/>\nOtomatik kumanda panolar\u0131,<br \/>\nHarmonik filtrasyon panolar\u0131,<\/td><td class=\"column-3\"><img loading=\"lazy\" decoding=\"async\" src=\"http:\/\/www.erdelektromekanik.com.tr\/wp-content\/uploads\/2016\/12\/s_gelisimpanoanadagitim-300x192.jpg\" alt=\"\" width=\"300\" height=\"192\" class=\"alignnone size-medium wp-image-285\" \/><\/td>\n<\/tr>\n<tr class=\"row-4\">\n\t<td class=\"column-1\"><strong>Motor Kontrol Sistemleri<\/strong><\/td><td class=\"column-2\">MCC Panolar\u0131,<br \/>\nDDC ve SBS panolar\u0131,<\/td><td class=\"column-3\"><img loading=\"lazy\" decoding=\"async\" src=\"http:\/\/www.erdelektromekanik.com.tr\/wp-content\/uploads\/2016\/12\/kat-2-225x300.jpg\" alt=\"\" width=\"225\" height=\"300\" class=\"alignnone size-medium wp-image-286\" \/><\/td>\n<\/tr>\n<tr class=\"row-5\">\n\t<td class=\"column-1\"><strong>Jenerat\u00f6r Tesisleri<\/strong><\/td><td class=\"column-2\">Jenerat\u00f6r montaj\u0131,<br \/>\nSenkronizasyon panosu,<\/td><td class=\"column-3\"><img loading=\"lazy\" decoding=\"async\" src=\"http:\/\/www.erdelektromekanik.com.tr\/wp-content\/uploads\/2016\/12\/216476561564796.JPG_1677426_buyuk-300x200.jpg\" alt=\"\" width=\"300\" height=\"200\" class=\"alignnone size-medium wp-image-288\" \/><\/td>\n<\/tr>\n<tr class=\"row-6\">\n\t<td class=\"column-1\"><strong>Harici Ayd\u0131nlatma<\/strong><\/td><td class=\"column-2\">Yol ayd\u0131nlatma,<br \/>\n\u00c7evre ayd\u0131nlatma,<br \/>\nNesne ayd\u0131nlatma,<br \/>\nCephe ayd\u0131nlatma,<\/td><td class=\"column-3\"><img loading=\"lazy\" decoding=\"async\" src=\"http:\/\/www.erdelektromekanik.com.tr\/wp-content\/uploads\/2016\/12\/bah\u00e7e-ayd\u0131nlatma-6-300x200.jpg\" alt=\"\" width=\"300\" height=\"200\" class=\"alignnone size-medium wp-image-290\" \/><\/td>\n<\/tr>\n<tr class=\"row-7\">\n\t<td class=\"column-1\"><strong>Otomasyon &amp; Ak\u0131ll\u0131 Bina Sistemleri<\/strong><\/td><td class=\"column-2\">Mekanik Otomasyon,<br \/>\nAyd\u0131nlatma Otomasyonu,<br \/>\nAk\u0131ll\u0131 Bina sistemleri,<\/td><td class=\"column-3\"><img loading=\"lazy\" decoding=\"async\" src=\"http:\/\/www.erdelektromekanik.com.tr\/wp-content\/uploads\/2016\/12\/AKILLI-B\u0130NA-300x181.jpg\" alt=\"\" width=\"300\" height=\"181\" class=\"alignnone size-medium wp-image-279\" \/><\/td>\n<\/tr>\n<tr class=\"row-8\">\n\t<td class=\"column-1\"><strong>Di\u011fer Kuvvetli Ak\u0131m \u0130\u015fleri<\/strong><\/td><td class=\"column-2\">Dahili Ayd\u0131nlatma,<br \/>\nPriz ve AG da\u011f\u0131t\u0131m,<br \/>\nTopraklama,<br \/>\nParatoner,<br \/>\nKesintisiz g\u00fc\u00e7 kaynaklar\u0131<\/td><td class=\"column-3\"><img loading=\"lazy\" decoding=\"async\" src=\"http:\/\/www.erdelektromekanik.com.tr\/wp-content\/uploads\/2016\/12\/Paratoner-Sistemi-Elemanlar\u0131-267x300.jpg\" alt=\"\" width=\"267\" height=\"300\" class=\"alignnone size-medium wp-image-292\" \/><\/td>\n<\/tr>\n<tr class=\"row-9\">\n\t<td colspan=\"2\" class=\"column-1\"><\/td><td class=\"column-3\"><\/td>\n<\/tr>\n<tr class=\"row-10\">\n\t<td class=\"column-1\"><strong>ZAYIF AKIM S\u0130STEMLER\u0130<\/strong><\/td><td class=\"column-2\">Yang\u0131n Alarm Sistemleri,<br \/>\nData yap\u0131sal Kablolama \/IP\/Fiber Optik Sistemleri,<br \/>\nIP \/ Telefon Santrali ve Da\u011f\u0131t\u0131m Sistemleri,<br \/>\nM\u00fczik Anons ve Sistemleri,<br \/>\nIPCC TV \/ Kapal\u0131 Devre TV,<br \/>\nIPTV \/ Uydu Anten ve TV Da\u011f\u0131t\u0131m Sistemleri,<br \/>\nH\u0131rs\u0131z Alarm Sistemleri,<br \/>\nProjeksiyon Sistemleri,<br \/>\nMerkezi Saat Sistemleri,<br \/>\nG\u00f6r\u00fcnt\u00fcl\u00fc Telefon ve Kap\u0131 Sistemleri<\/td><td class=\"column-3\"><img loading=\"lazy\" decoding=\"async\" src=\"http:\/\/www.erdelektromekanik.com.tr\/wp-content\/uploads\/2016\/12\/cozumlerimiz-300x289.jpg\" alt=\"\" width=\"300\" height=\"289\" class=\"alignnone size-medium wp-image-277\" \/><\/td>\n<\/tr>\n<\/tbody>\n<\/table>\n<!-- #tablepress-1 from cache -->\n","protected":false},"excerpt":{"rendered":"","protected":false},"author":1,"featured_media":0,"parent":0,"menu_order":0,"comment_status":"closed","ping_status":"closed","template":"","meta":{"footnotes":""},"class_list":["post-1357","page","type-page","status-publish","hentry"],"_links":{"self":[{"href":"http:\/\/www.biltech.net\/index.php\/wp-json\/wp\/v2\/pages\/1357","targetHints":{"allow":["GET"]}}],"collection":[{"href":"http:\/\/www.biltech.net\/index.php\/wp-json\/wp\/v2\/pages"}],"about":[{"href":"http:\/\/www.biltech.net\/index.php\/wp-json\/wp\/v2\/types\/page"}],"author":[{"embeddable":true,"href":"http:\/\/www.biltech.net\/index.php\/wp-json\/wp\/v2\/users\/1"}],"replies":[{"embeddable":true,"href":"http:\/\/www.biltech.net\/index.php\/wp-json\/wp\/v2\/comments?post=1357"}],"version-history":[{"count":7,"href":"http:\/\/www.biltech.net\/index.php\/wp-json\/wp\/v2\/pages\/1357\/revisions"}],"predecessor-version":[{"id":1495,"href":"http:\/\/www.biltech.net\/index.php\/wp-json\/wp\/v2\/pages\/1357\/revisions\/1495"}],"wp:attachment":[{"href":"http:\/\/www.biltech.net\/index.php\/wp-json\/wp\/v2\/media?parent=1357"}],"curies":[{"name":"wp","href":"https:\/\/api.w.org\/{rel}","templated":true}]}}