{"id":1184,"date":"2016-03-18T06:13:33","date_gmt":"2016-03-18T06:13:33","guid":{"rendered":"http:\/\/demos.famethemes.com\/onepress\/checkout\/"},"modified":"2017-02-23T23:47:25","modified_gmt":"2017-02-23T21:47:25","slug":"hizmetlerimiz","status":"publish","type":"page","link":"http:\/\/www.biltech.net\/index.php\/hizmetlerimiz\/","title":{"rendered":"Hizmetlerimiz"},"content":{"rendered":"<table width=\"836\">\n<tbody>\n<tr>\n<td style=\"text-align: center;\" width=\"418\"><a href=\"http:\/\/www.biltech.net\/index.php\/elektrik-tesisat-uygulamalari\/\"><span style=\"text-decoration: underline;\"><span style=\"color: #993300; text-decoration: underline;\"><strong>ELEKTR\u0130K TES\u0130SAT UYGULAMALARI<\/strong><\/span><\/span><\/a><\/td>\n<td style=\"text-align: center;\" width=\"418\"><a href=\"http:\/\/www.biltech.net\/index.php\/elektrik-proje\/\"><span style=\"text-decoration: underline; color: #993300;\"><strong>ELEKTR\u0130K PROJE ve DANI\u015eMANLIK H\u0130ZMETLER\u0130<\/strong><\/span><\/a><\/td>\n<\/tr>\n<tr>\n<td style=\"text-align: center;\"><a href=\"http:\/\/www.biltech.net\/index.php\/mekanik-tesisat-uygulamalari\/\"><span style=\"text-decoration: underline; color: #993300;\"><strong>MEKAN\u0130K TES\u0130SAT UYGULAMALARI<\/strong><\/span><\/a><\/td>\n<td style=\"text-align: center;\" width=\"418\"><a href=\"http:\/\/www.biltech.net\/index.php\/mekanik-proje\/\"><span style=\"text-decoration: underline; color: #993300;\"><strong>MEKAN\u0130K PROJE ve DANI\u015eMANLIK H\u0130ZMETLER\u0130<\/strong><\/span><\/a><\/td>\n<\/tr>\n<\/tbody>\n<\/table>\n<p>&nbsp;<\/p>\n<p>&nbsp;<\/p>\n","protected":false},"excerpt":{"rendered":"<p>ELEKTR\u0130K TES\u0130SAT UYGULAMALARI ELEKTR\u0130K PROJE ve DANI\u015eMANLIK H\u0130ZMETLER\u0130 MEKAN\u0130K TES\u0130SAT UYGULAMALARI MEKAN\u0130K PROJE ve DANI\u015eMANLIK H\u0130ZMETLER\u0130 &nbsp; &nbsp;<\/p>\n","protected":false},"author":1,"featured_media":0,"parent":0,"menu_order":0,"comment_status":"closed","ping_status":"closed","template":"","meta":{"footnotes":""},"class_list":["post-1184","page","type-page","status-publish","hentry"],"_links":{"self":[{"href":"http:\/\/www.biltech.net\/index.php\/wp-json\/wp\/v2\/pages\/1184","targetHints":{"allow":["GET"]}}],"collection":[{"href":"http:\/\/www.biltech.net\/index.php\/wp-json\/wp\/v2\/pages"}],"about":[{"href":"http:\/\/www.biltech.net\/index.php\/wp-json\/wp\/v2\/types\/page"}],"author":[{"embeddable":true,"href":"http:\/\/www.biltech.net\/index.php\/wp-json\/wp\/v2\/users\/1"}],"replies":[{"embeddable":true,"href":"http:\/\/www.biltech.net\/index.php\/wp-json\/wp\/v2\/comments?post=1184"}],"version-history":[{"count":8,"href":"http:\/\/www.biltech.net\/index.php\/wp-json\/wp\/v2\/pages\/1184\/revisions"}],"predecessor-version":[{"id":1639,"href":"http:\/\/www.biltech.net\/index.php\/wp-json\/wp\/v2\/pages\/1184\/revisions\/1639"}],"wp:attachment":[{"href":"http:\/\/www.biltech.net\/index.php\/wp-json\/wp\/v2\/media?parent=1184"}],"curies":[{"name":"wp","href":"https:\/\/api.w.org\/{rel}","templated":true}]}}